{"id":270,"date":"2018-03-20T09:59:58","date_gmt":"2018-03-20T08:59:58","guid":{"rendered":"http:\/\/www.orno.be\/?page_id=270"},"modified":"2018-07-02T15:27:02","modified_gmt":"2018-07-02T13:27:02","slug":"lorno","status":"publish","type":"page","link":"http:\/\/www.orno.be\/index.php\/lorno\/","title":{"rendered":"L&rsquo;Orno"},"content":{"rendered":"<div class=\"wpb-content-wrapper\"><p>[vc_row css=\u00a0\u00bb.vc_custom_1530370930953{padding-top: 100px !important;padding-bottom: 100px !important;}\u00a0\u00bb][vc_column][vc_column_text]<\/p>\n<blockquote><p><em>[OR NO-uveau: une nouvelle mani\u00e8re d\u2019envisager l\u2019\u00e9conomie, une monnaie qui donne un nouveau souffle et soutient l\u2019\u00e9conomie locale, qui questionne le r\u00f4le de l\u2019argent et stimule sa fonction d\u2019\u00e9change et pas d\u2019accumulation]<\/em><\/p><\/blockquote>\n<p>&nbsp;<\/p>\n<p>L&rsquo;Orno est le projet de monnaie citoyenne compl\u00e9mentaire, qui circule depuis juin 2018 dans les portefeuilles de la r\u00e9gion de Gembloux et Sombreffe afin de mieux nourrir l&rsquo;\u00e9conomie r\u00e9elle.<\/p>\n<p>Lanc\u00e9 en 2015 avec l&rsquo;aide de <a href=\"https:\/\/www.financite.be\/\" target=\"_blank\" rel=\"noopener noreferrer\">Financit\u00e9<\/a>, le projet, apr\u00e8s des pr\u00e9sences ponctuelles lors d&rsquo;activit\u00e9s locales diverses, est entr\u00e9 dans une nouvelle phase en 2017 avec la mise en place de groupes de travail th\u00e9matiques, la d\u00e9finition du design des billets, la recherche de financement pour les imprimer, la cr\u00e9ation d&rsquo;une ASBL et la pr\u00e9sentation aux prestataires.<\/p>\n<p>Avec l&rsquo;appui de la R\u00e9gion wallonne, de la Ville de Gembloux et de la Commune de Sombreffe, les billets ont pu \u00eatre imprim\u00e9 et ont \u00e9t\u00e9 mis en circulation \u00e0 partir du 15 juin 2018, avec une vingtaine de prestataires initiaux.<\/p>\n<p>A l\u2019initiative de ce projet de monnaie locale, il y a des citoyens gembloutois, engag\u00e9s dans des dynamiques de changement et\/ou actifs dans divers mouvements ou associations de l\u2019entit\u00e9 (SEL, groupe de Transition, acteurs de l\u2019alimentation durable), rejoints par d\u2019autres citoyens actifs \u00e0 Sombreffe.[\/vc_column_text][\/vc_column][\/vc_row]<\/p>\n<\/div>","protected":false},"excerpt":{"rendered":"<p>[vc_row css=\u00a0\u00bb.vc_custom_1530370930953{padding-top: 100px !important;padding-bottom: 100px !important;}\u00a0\u00bb][vc_column][vc_column_text] [OR NO-uveau: une nouvelle mani\u00e8re d\u2019envisager l\u2019\u00e9conomie, une monnaie qui donne un nouveau souffle et soutient l\u2019\u00e9conomie locale, qui questionne le r\u00f4le de l\u2019argent et stimule sa fonction d\u2019\u00e9change et pas d\u2019accumulation] &nbsp; L&rsquo;Orno est le projet de monnaie citoyenne compl\u00e9mentaire, qui circule depuis juin 2018 dans les portefeuilles &hellip; <a href=\"http:\/\/www.orno.be\/index.php\/lorno\/\" title=\"L&rsquo;Orno\" class=\"read-more\">Read More<\/a><\/p>\n","protected":false},"author":1,"featured_media":0,"parent":0,"menu_order":0,"comment_status":"closed","ping_status":"closed","template":"","meta":{"jetpack_post_was_ever_published":false,"footnotes":""},"class_list":["post-270","page","type-page","status-publish","hentry"],"yoast_head":"<!-- This site is optimized with the Yoast SEO plugin v26.0 - https:\/\/yoast.com\/wordpress\/plugins\/seo\/ -->\n<title>L&#039;Orno - Orno<\/title>\n<meta name=\"robots\" content=\"index, follow, max-snippet:-1, max-image-preview:large, max-video-preview:-1\" \/>\n<link rel=\"canonical\" href=\"https:\/\/www.orno.be\/index.php\/lorno\/\" \/>\n<meta property=\"og:locale\" content=\"fr_FR\" \/>\n<meta property=\"og:type\" content=\"article\" \/>\n<meta property=\"og:title\" content=\"L&#039;Orno - Orno\" \/>\n<meta property=\"og:description\" content=\"[vc_row css=\u00a0\u00bb.vc_custom_1530370930953{padding-top: 100px !important;padding-bottom: 100px !important;}\u00a0\u00bb][vc_column][vc_column_text] [OR NO-uveau: une nouvelle mani\u00e8re d\u2019envisager l\u2019\u00e9conomie, une monnaie qui donne un nouveau souffle et soutient l\u2019\u00e9conomie locale, qui questionne le r\u00f4le de l\u2019argent et stimule sa fonction d\u2019\u00e9change et pas d\u2019accumulation] &nbsp; L&rsquo;Orno est le projet de monnaie citoyenne compl\u00e9mentaire, qui circule depuis juin 2018 dans les portefeuilles [&hellip;]\" \/>\n<meta property=\"og:url\" content=\"https:\/\/www.orno.be\/index.php\/lorno\/\" \/>\n<meta property=\"og:site_name\" content=\"Orno\" \/>\n<meta property=\"article:modified_time\" content=\"2018-07-02T13:27:02+00:00\" \/>\n<meta name=\"twitter:card\" content=\"summary_large_image\" \/>\n<meta name=\"twitter:label1\" content=\"Dur\u00e9e de lecture estim\u00e9e\" \/>\n\t<meta name=\"twitter:data1\" content=\"1 minute\" \/>\n<script type=\"application\/ld+json\" class=\"yoast-schema-graph\">{\"@context\":\"https:\/\/schema.org\",\"@graph\":[{\"@type\":\"WebPage\",\"@id\":\"https:\/\/www.orno.be\/index.php\/lorno\/\",\"url\":\"https:\/\/www.orno.be\/index.php\/lorno\/\",\"name\":\"L'Orno - Orno\",\"isPartOf\":{\"@id\":\"https:\/\/www.orno.be\/#website\"},\"datePublished\":\"2018-03-20T08:59:58+00:00\",\"dateModified\":\"2018-07-02T13:27:02+00:00\",\"breadcrumb\":{\"@id\":\"https:\/\/www.orno.be\/index.php\/lorno\/#breadcrumb\"},\"inLanguage\":\"fr-FR\",\"potentialAction\":[{\"@type\":\"ReadAction\",\"target\":[\"https:\/\/www.orno.be\/index.php\/lorno\/\"]}]},{\"@type\":\"BreadcrumbList\",\"@id\":\"https:\/\/www.orno.be\/index.php\/lorno\/#breadcrumb\",\"itemListElement\":[{\"@type\":\"ListItem\",\"position\":1,\"name\":\"Accueil\",\"item\":\"https:\/\/www.orno.be\/\"},{\"@type\":\"ListItem\",\"position\":2,\"name\":\"L&rsquo;Orno\"}]},{\"@type\":\"WebSite\",\"@id\":\"https:\/\/www.orno.be\/#website\",\"url\":\"https:\/\/www.orno.be\/\",\"name\":\"Orno\",\"description\":\"Monnaie citoyenne de la r\u00e9gion de Gembloux et Sombreffe\",\"potentialAction\":[{\"@type\":\"SearchAction\",\"target\":{\"@type\":\"EntryPoint\",\"urlTemplate\":\"https:\/\/www.orno.be\/?s={search_term_string}\"},\"query-input\":{\"@type\":\"PropertyValueSpecification\",\"valueRequired\":true,\"valueName\":\"search_term_string\"}}],\"inLanguage\":\"fr-FR\"}]}<\/script>\n<!-- \/ Yoast SEO plugin. -->","yoast_head_json":{"title":"L'Orno - Orno","robots":{"index":"index","follow":"follow","max-snippet":"max-snippet:-1","max-image-preview":"max-image-preview:large","max-video-preview":"max-video-preview:-1"},"canonical":"https:\/\/www.orno.be\/index.php\/lorno\/","og_locale":"fr_FR","og_type":"article","og_title":"L'Orno - Orno","og_description":"[vc_row css=\u00a0\u00bb.vc_custom_1530370930953{padding-top: 100px !important;padding-bottom: 100px !important;}\u00a0\u00bb][vc_column][vc_column_text] [OR NO-uveau: une nouvelle mani\u00e8re d\u2019envisager l\u2019\u00e9conomie, une monnaie qui donne un nouveau souffle et soutient l\u2019\u00e9conomie locale, qui questionne le r\u00f4le de l\u2019argent et stimule sa fonction d\u2019\u00e9change et pas d\u2019accumulation] &nbsp; L&rsquo;Orno est le projet de monnaie citoyenne compl\u00e9mentaire, qui circule depuis juin 2018 dans les portefeuilles [&hellip;]","og_url":"https:\/\/www.orno.be\/index.php\/lorno\/","og_site_name":"Orno","article_modified_time":"2018-07-02T13:27:02+00:00","twitter_card":"summary_large_image","twitter_misc":{"Dur\u00e9e de lecture estim\u00e9e":"1 minute"},"schema":{"@context":"https:\/\/schema.org","@graph":[{"@type":"WebPage","@id":"https:\/\/www.orno.be\/index.php\/lorno\/","url":"https:\/\/www.orno.be\/index.php\/lorno\/","name":"L'Orno - Orno","isPartOf":{"@id":"https:\/\/www.orno.be\/#website"},"datePublished":"2018-03-20T08:59:58+00:00","dateModified":"2018-07-02T13:27:02+00:00","breadcrumb":{"@id":"https:\/\/www.orno.be\/index.php\/lorno\/#breadcrumb"},"inLanguage":"fr-FR","potentialAction":[{"@type":"ReadAction","target":["https:\/\/www.orno.be\/index.php\/lorno\/"]}]},{"@type":"BreadcrumbList","@id":"https:\/\/www.orno.be\/index.php\/lorno\/#breadcrumb","itemListElement":[{"@type":"ListItem","position":1,"name":"Accueil","item":"https:\/\/www.orno.be\/"},{"@type":"ListItem","position":2,"name":"L&rsquo;Orno"}]},{"@type":"WebSite","@id":"https:\/\/www.orno.be\/#website","url":"https:\/\/www.orno.be\/","name":"Orno","description":"Monnaie citoyenne de la r\u00e9gion de Gembloux et Sombreffe","potentialAction":[{"@type":"SearchAction","target":{"@type":"EntryPoint","urlTemplate":"https:\/\/www.orno.be\/?s={search_term_string}"},"query-input":{"@type":"PropertyValueSpecification","valueRequired":true,"valueName":"search_term_string"}}],"inLanguage":"fr-FR"}]}},"jetpack_sharing_enabled":true,"jetpack_shortlink":"https:\/\/wp.me\/P9lcRP-4m","jetpack_likes_enabled":true,"jetpack-related-posts":[],"_links":{"self":[{"href":"http:\/\/www.orno.be\/index.php\/wp-json\/wp\/v2\/pages\/270","targetHints":{"allow":["GET"]}}],"collection":[{"href":"http:\/\/www.orno.be\/index.php\/wp-json\/wp\/v2\/pages"}],"about":[{"href":"http:\/\/www.orno.be\/index.php\/wp-json\/wp\/v2\/types\/page"}],"author":[{"embeddable":true,"href":"http:\/\/www.orno.be\/index.php\/wp-json\/wp\/v2\/users\/1"}],"replies":[{"embeddable":true,"href":"http:\/\/www.orno.be\/index.php\/wp-json\/wp\/v2\/comments?post=270"}],"version-history":[{"count":10,"href":"http:\/\/www.orno.be\/index.php\/wp-json\/wp\/v2\/pages\/270\/revisions"}],"predecessor-version":[{"id":536,"href":"http:\/\/www.orno.be\/index.php\/wp-json\/wp\/v2\/pages\/270\/revisions\/536"}],"wp:attachment":[{"href":"http:\/\/www.orno.be\/index.php\/wp-json\/wp\/v2\/media?parent=270"}],"curies":[{"name":"wp","href":"https:\/\/api.w.org\/{rel}","templated":true}]}}