{"id":7059,"date":"2020-03-04T14:05:07","date_gmt":"2020-03-04T13:05:07","guid":{"rendered":"http:\/\/www.orno.be\/?page_id=7059"},"modified":"2024-09-11T20:39:26","modified_gmt":"2024-09-11T18:39:26","slug":"bricoler-avec","status":"publish","type":"page","link":"http:\/\/www.orno.be\/index.php\/prestataires\/bricoler-avec\/","title":{"rendered":"Bricoler avec"},"content":{"rendered":"<div class=\"wpb-content-wrapper\"><p>[vc_row content_placement=\u00a0\u00bbmiddle\u00a0\u00bb][vc_column width=\u00a0\u00bb2\/3&Prime;][vc_custom_heading text=\u00a0\u00bbAvec mes Orno, je peux&#8230;\u00a0\u00bb font_container=\u00a0\u00bbtag:p|font_size:32|text_align:left\u00a0\u00bb google_fonts=\u00a0\u00bbfont_family:Raleway%3A100%2C200%2C300%2Cregular%2C500%2C600%2C700%2C800%2C900|font_style:400%20regular%3A400%3Anormal\u00a0\u00bb][\/vc_column][vc_column width=\u00a0\u00bb1\/3&Prime;][vc_single_image image=\u00a0\u00bb402&Prime; img_size=\u00a0\u00bb100&#215;100&Prime; alignment=\u00a0\u00bbright\u00a0\u00bb][\/vc_column][\/vc_row][vc_row equal_height=\u00a0\u00bbyes\u00a0\u00bb parallax=\u00a0\u00bbcontent-moving\u00a0\u00bb][vc_column][vc_row_inner content_placement=\u00a0\u00bbmiddle\u00a0\u00bb css=\u00a0\u00bb.vc_custom_1579862743737{padding-bottom: 5px !important;background-color: #55c2da !important;}\u00a0\u00bb][vc_column_inner width=\u00a0\u00bb1\/3&Prime;][vc_custom_heading text=\u00a0\u00bbBRICOLER AVEC&#8230;\u00a0\u00bb font_container=\u00a0\u00bbtag:h2|font_size:18|text_align:left|color:%23ffffff\u00a0\u00bb google_fonts=\u00a0\u00bbfont_family:Raleway%3A100%2C200%2C300%2Cregular%2C500%2C600%2C700%2C800%2C900|font_style:900%20bold%20regular%3A900%3Anormal\u00a0\u00bb][\/vc_column_inner][vc_column_inner width=\u00a0\u00bb1\/3&Prime;][\/vc_column_inner][vc_column_inner width=\u00a0\u00bb1\/3&Prime;][vc_gallery type=\u00a0\u00bbimage_grid\u00a0\u00bb images=\u00a0\u00bb6911&Prime; img_size=\u00a0\u00bb50&#215;50&Prime; onclick=\u00a0\u00bb\u00a0\u00bb css=\u00a0\u00bb.vc_custom_1583314644696{padding-right: 5px !important;padding-left: 5px !important;}\u00a0\u00bb][\/vc_column_inner][\/vc_row_inner][vc_row_inner gap=\u00a0\u00bb20&Prime; css=\u00a0\u00bb.vc_custom_1530561296794{padding-top: 50px !important;padding-bottom: 50px !important;}\u00a0\u00bb][vc_column_inner width=\u00a0\u00bb1\/4&Prime; css=\u00a0\u00bb.vc_custom_1583314763334{padding-top: 10px !important;padding-right: 20px !important;padding-bottom: 10px !important;padding-left: 20px !important;background-color: #ededed !important;}\u00a0\u00bb][vc_custom_heading text=\u00a0\u00bbCulture \u2013 Divertissement \u2013 Education<br \/>\nConstruction \u2013 Mat\u00e9riau\u00a0\u00bb font_container=\u00a0\u00bbtag:h4|font_size:10|text_align:left\u00a0\u00bb google_fonts=\u00a0\u00bbfont_family:Raleway%3A100%2C200%2C300%2Cregular%2C500%2C600%2C700%2C800%2C900|font_style:300%20light%20regular%3A300%3Anormal\u00a0\u00bb css=\u00a0\u00bb.vc_custom_1540135011756{margin-top: 0px !important;margin-bottom: 0px !important;border-top-width: 0px !important;border-bottom-width: 0px !important;padding-top: 0px !important;padding-bottom: 0px !important;}\u00a0\u00bb][vc_custom_heading text=\u00a0\u00bbTHE BEAN FOREST\u00a0\u00bb font_container=\u00a0\u00bbtag:h3|font_size:14|text_align:left\u00a0\u00bb google_fonts=\u00a0\u00bbfont_family:Raleway%3A100%2C200%2C300%2Cregular%2C500%2C600%2C700%2C800%2C900|font_style:900%20bold%20regular%3A900%3Anormal\u00a0\u00bb link=\u00a0\u00bburl:https%3A%2F%2Fwww.facebook.com%2FThe-Bean-Forest-asblvzw-127282160785310%2F||target:%20_blank|\u00a0\u00bb][vc_single_image image=\u00a0\u00bb578&Prime; img_size=\u00a0\u00bbfull\u00a0\u00bb][vc_custom_heading text=\u00a0\u00bbRue de l&rsquo;Usine 7, 5032 Mazy\u00a0\u00bb font_container=\u00a0\u00bbtag:p|text_align:left\u00a0\u00bb google_fonts=\u00a0\u00bbfont_family:Raleway%3A100%2C200%2C300%2Cregular%2C500%2C600%2C700%2C800%2C900|font_style:400%20regular%3A400%3Anormal\u00a0\u00bb][vc_custom_heading text=\u00a0\u00bbAssociation pour l&rsquo;\u00e9ducation permanente dont les activit\u00e9s sont les jardins comestibles, l&rsquo;herboristerie et la construction. Bean Forest exp\u00e9rimente le mod\u00e8le associatif familial, dans une soci\u00e9t\u00e9 ou la famille a besoin d&rsquo;\u00eatre recentr\u00e9e.\u00a0\u00bb font_container=\u00a0\u00bbtag:p|text_align:left\u00a0\u00bb google_fonts=\u00a0\u00bbfont_family:Raleway%3A100%2C200%2C300%2Cregular%2C500%2C600%2C700%2C800%2C900|font_style:400%20regular%3A400%3Anormal\u00a0\u00bb][\/vc_column_inner][vc_column_inner width=\u00a0\u00bb1\/4&Prime;][\/vc_column_inner][vc_column_inner width=\u00a0\u00bb1\/4&Prime;][\/vc_column_inner][\/vc_row_inner][\/vc_column][\/vc_row]<\/p>\n<\/div>","protected":false},"excerpt":{"rendered":"<p>[vc_row content_placement=\u00a0\u00bbmiddle\u00a0\u00bb][vc_column width=\u00a0\u00bb2\/3&Prime;][vc_custom_heading text=\u00a0\u00bbAvec mes Orno, je peux&#8230;\u00a0\u00bb font_container=\u00a0\u00bbtag:p|font_size:32|text_align:left\u00a0\u00bb google_fonts=\u00a0\u00bbfont_family:Raleway%3A100%2C200%2C300%2Cregular%2C500%2C600%2C700%2C800%2C900|font_style:400%20regular%3A400%3Anormal\u00a0\u00bb][\/vc_column][vc_column width=\u00a0\u00bb1\/3&Prime;][vc_single_image image=\u00a0\u00bb402&Prime; img_size=\u00a0\u00bb100&#215;100&Prime; alignment=\u00a0\u00bbright\u00a0\u00bb][\/vc_column][\/vc_row][vc_row equal_height=\u00a0\u00bbyes\u00a0\u00bb parallax=\u00a0\u00bbcontent-moving\u00a0\u00bb][vc_column][vc_row_inner content_placement=\u00a0\u00bbmiddle\u00a0\u00bb css=\u00a0\u00bb.vc_custom_1579862743737{padding-bottom: 5px !important;background-color: #55c2da !important;}\u00a0\u00bb][vc_column_inner width=\u00a0\u00bb1\/3&Prime;][vc_custom_heading text=\u00a0\u00bbBRICOLER AVEC&#8230;\u00a0\u00bb font_container=\u00a0\u00bbtag:h2|font_size:18|text_align:left|color:%23ffffff\u00a0\u00bb google_fonts=\u00a0\u00bbfont_family:Raleway%3A100%2C200%2C300%2Cregular%2C500%2C600%2C700%2C800%2C900|font_style:900%20bold%20regular%3A900%3Anormal\u00a0\u00bb][\/vc_column_inner][vc_column_inner width=\u00a0\u00bb1\/3&Prime;][\/vc_column_inner][vc_column_inner width=\u00a0\u00bb1\/3&Prime;][vc_gallery type=\u00a0\u00bbimage_grid\u00a0\u00bb images=\u00a0\u00bb6911&Prime; img_size=\u00a0\u00bb50&#215;50&Prime; onclick=\u00a0\u00bb\u00a0\u00bb css=\u00a0\u00bb.vc_custom_1583314644696{padding-right: 5px !important;padding-left: 5px !important;}\u00a0\u00bb][\/vc_column_inner][\/vc_row_inner][vc_row_inner gap=\u00a0\u00bb20&Prime; css=\u00a0\u00bb.vc_custom_1530561296794{padding-top: 50px !important;padding-bottom: 50px !important;}\u00a0\u00bb][vc_column_inner width=\u00a0\u00bb1\/4&Prime; css=\u00a0\u00bb.vc_custom_1583314763334{padding-top: 10px !important;padding-right: 20px !important;padding-bottom: 10px !important;padding-left: 20px !important;background-color: #ededed &hellip; <a href=\"http:\/\/www.orno.be\/index.php\/prestataires\/bricoler-avec\/\" title=\"Bricoler avec\" class=\"read-more\">Read More<\/a><\/p>\n","protected":false},"author":1,"featured_media":0,"parent":140,"menu_order":0,"comment_status":"closed","ping_status":"closed","template":"","meta":{"jetpack_post_was_ever_published":false,"footnotes":""},"class_list":["post-7059","page","type-page","status-publish","hentry"],"yoast_head":"<!-- This site is optimized with the Yoast SEO plugin v26.0 - https:\/\/yoast.com\/wordpress\/plugins\/seo\/ -->\n<title>Bricoler avec - Orno<\/title>\n<meta name=\"description\" content=\"Vous retrouverez ici toutes les informations concernant les prestataires acceptant les Orno.\" \/>\n<meta name=\"robots\" content=\"index, follow, max-snippet:-1, max-image-preview:large, max-video-preview:-1\" \/>\n<link rel=\"canonical\" href=\"http:\/\/www.orno.be\/index.php\/prestataires\/bricoler-avec\/\" \/>\n<meta property=\"og:locale\" content=\"fr_FR\" \/>\n<meta property=\"og:type\" content=\"article\" \/>\n<meta property=\"og:title\" content=\"Bricoler avec - Orno\" \/>\n<meta property=\"og:description\" content=\"Vous retrouverez ici toutes les informations concernant les prestataires acceptant les Orno.\" \/>\n<meta property=\"og:url\" content=\"http:\/\/www.orno.be\/index.php\/prestataires\/bricoler-avec\/\" \/>\n<meta property=\"og:site_name\" content=\"Orno\" \/>\n<meta property=\"article:modified_time\" content=\"2024-09-11T18:39:26+00:00\" \/>\n<meta name=\"twitter:card\" content=\"summary_large_image\" \/>\n<meta name=\"twitter:label1\" content=\"Dur\u00e9e de lecture estim\u00e9e\" \/>\n\t<meta name=\"twitter:data1\" content=\"2 minutes\" \/>\n<script type=\"application\/ld+json\" class=\"yoast-schema-graph\">{\"@context\":\"https:\/\/schema.org\",\"@graph\":[{\"@type\":\"WebPage\",\"@id\":\"http:\/\/www.orno.be\/index.php\/prestataires\/bricoler-avec\/\",\"url\":\"http:\/\/www.orno.be\/index.php\/prestataires\/bricoler-avec\/\",\"name\":\"Bricoler avec - Orno\",\"isPartOf\":{\"@id\":\"https:\/\/www.orno.be\/#website\"},\"datePublished\":\"2020-03-04T13:05:07+00:00\",\"dateModified\":\"2024-09-11T18:39:26+00:00\",\"description\":\"Vous retrouverez ici toutes les informations concernant les prestataires acceptant les Orno.\",\"breadcrumb\":{\"@id\":\"http:\/\/www.orno.be\/index.php\/prestataires\/bricoler-avec\/#breadcrumb\"},\"inLanguage\":\"fr-FR\",\"potentialAction\":[{\"@type\":\"ReadAction\",\"target\":[\"http:\/\/www.orno.be\/index.php\/prestataires\/bricoler-avec\/\"]}]},{\"@type\":\"BreadcrumbList\",\"@id\":\"http:\/\/www.orno.be\/index.php\/prestataires\/bricoler-avec\/#breadcrumb\",\"itemListElement\":[{\"@type\":\"ListItem\",\"position\":1,\"name\":\"Accueil\",\"item\":\"https:\/\/www.orno.be\/\"},{\"@type\":\"ListItem\",\"position\":2,\"name\":\"Prestataires\",\"item\":\"http:\/\/www.orno.be\/index.php\/prestataires\/\"},{\"@type\":\"ListItem\",\"position\":3,\"name\":\"Bricoler avec\"}]},{\"@type\":\"WebSite\",\"@id\":\"https:\/\/www.orno.be\/#website\",\"url\":\"https:\/\/www.orno.be\/\",\"name\":\"Orno\",\"description\":\"Monnaie citoyenne de la r\u00e9gion de Gembloux et Sombreffe\",\"potentialAction\":[{\"@type\":\"SearchAction\",\"target\":{\"@type\":\"EntryPoint\",\"urlTemplate\":\"https:\/\/www.orno.be\/?s={search_term_string}\"},\"query-input\":{\"@type\":\"PropertyValueSpecification\",\"valueRequired\":true,\"valueName\":\"search_term_string\"}}],\"inLanguage\":\"fr-FR\"}]}<\/script>\n<!-- \/ Yoast SEO plugin. -->","yoast_head_json":{"title":"Bricoler avec - Orno","description":"Vous retrouverez ici toutes les informations concernant les prestataires acceptant les Orno.","robots":{"index":"index","follow":"follow","max-snippet":"max-snippet:-1","max-image-preview":"max-image-preview:large","max-video-preview":"max-video-preview:-1"},"canonical":"http:\/\/www.orno.be\/index.php\/prestataires\/bricoler-avec\/","og_locale":"fr_FR","og_type":"article","og_title":"Bricoler avec - Orno","og_description":"Vous retrouverez ici toutes les informations concernant les prestataires acceptant les Orno.","og_url":"http:\/\/www.orno.be\/index.php\/prestataires\/bricoler-avec\/","og_site_name":"Orno","article_modified_time":"2024-09-11T18:39:26+00:00","twitter_card":"summary_large_image","twitter_misc":{"Dur\u00e9e de lecture estim\u00e9e":"2 minutes"},"schema":{"@context":"https:\/\/schema.org","@graph":[{"@type":"WebPage","@id":"http:\/\/www.orno.be\/index.php\/prestataires\/bricoler-avec\/","url":"http:\/\/www.orno.be\/index.php\/prestataires\/bricoler-avec\/","name":"Bricoler avec - Orno","isPartOf":{"@id":"https:\/\/www.orno.be\/#website"},"datePublished":"2020-03-04T13:05:07+00:00","dateModified":"2024-09-11T18:39:26+00:00","description":"Vous retrouverez ici toutes les informations concernant les prestataires acceptant les Orno.","breadcrumb":{"@id":"http:\/\/www.orno.be\/index.php\/prestataires\/bricoler-avec\/#breadcrumb"},"inLanguage":"fr-FR","potentialAction":[{"@type":"ReadAction","target":["http:\/\/www.orno.be\/index.php\/prestataires\/bricoler-avec\/"]}]},{"@type":"BreadcrumbList","@id":"http:\/\/www.orno.be\/index.php\/prestataires\/bricoler-avec\/#breadcrumb","itemListElement":[{"@type":"ListItem","position":1,"name":"Accueil","item":"https:\/\/www.orno.be\/"},{"@type":"ListItem","position":2,"name":"Prestataires","item":"http:\/\/www.orno.be\/index.php\/prestataires\/"},{"@type":"ListItem","position":3,"name":"Bricoler avec"}]},{"@type":"WebSite","@id":"https:\/\/www.orno.be\/#website","url":"https:\/\/www.orno.be\/","name":"Orno","description":"Monnaie citoyenne de la r\u00e9gion de Gembloux et Sombreffe","potentialAction":[{"@type":"SearchAction","target":{"@type":"EntryPoint","urlTemplate":"https:\/\/www.orno.be\/?s={search_term_string}"},"query-input":{"@type":"PropertyValueSpecification","valueRequired":true,"valueName":"search_term_string"}}],"inLanguage":"fr-FR"}]}},"jetpack_sharing_enabled":true,"jetpack_shortlink":"https:\/\/wp.me\/P9lcRP-1PR","jetpack_likes_enabled":true,"jetpack-related-posts":[],"_links":{"self":[{"href":"http:\/\/www.orno.be\/index.php\/wp-json\/wp\/v2\/pages\/7059","targetHints":{"allow":["GET"]}}],"collection":[{"href":"http:\/\/www.orno.be\/index.php\/wp-json\/wp\/v2\/pages"}],"about":[{"href":"http:\/\/www.orno.be\/index.php\/wp-json\/wp\/v2\/types\/page"}],"author":[{"embeddable":true,"href":"http:\/\/www.orno.be\/index.php\/wp-json\/wp\/v2\/users\/1"}],"replies":[{"embeddable":true,"href":"http:\/\/www.orno.be\/index.php\/wp-json\/wp\/v2\/comments?post=7059"}],"version-history":[{"count":3,"href":"http:\/\/www.orno.be\/index.php\/wp-json\/wp\/v2\/pages\/7059\/revisions"}],"predecessor-version":[{"id":7385,"href":"http:\/\/www.orno.be\/index.php\/wp-json\/wp\/v2\/pages\/7059\/revisions\/7385"}],"up":[{"embeddable":true,"href":"http:\/\/www.orno.be\/index.php\/wp-json\/wp\/v2\/pages\/140"}],"wp:attachment":[{"href":"http:\/\/www.orno.be\/index.php\/wp-json\/wp\/v2\/media?parent=7059"}],"curies":[{"name":"wp","href":"https:\/\/api.w.org\/{rel}","templated":true}]}}