{"id":7087,"date":"2020-03-04T14:02:56","date_gmt":"2020-03-04T13:02:56","guid":{"rendered":"http:\/\/www.orno.be\/?page_id=7087"},"modified":"2021-10-27T13:58:30","modified_gmt":"2021-10-27T11:58:30","slug":"me-faire-plaisir","status":"publish","type":"page","link":"http:\/\/www.orno.be\/index.php\/prestataires\/me-faire-plaisir\/","title":{"rendered":"(Me) Faire plaisir"},"content":{"rendered":"<div class=\"wpb-content-wrapper\"><p>[vc_row content_placement=\u00a0\u00bbmiddle\u00a0\u00bb][vc_column width=\u00a0\u00bb2\/3&Prime;][vc_custom_heading text=\u00a0\u00bbAvec mes Orno, je peux&#8230;\u00a0\u00bb font_container=\u00a0\u00bbtag:p|font_size:32|text_align:left\u00a0\u00bb google_fonts=\u00a0\u00bbfont_family:Raleway%3A100%2C200%2C300%2Cregular%2C500%2C600%2C700%2C800%2C900|font_style:400%20regular%3A400%3Anormal\u00a0\u00bb][\/vc_column][vc_column width=\u00a0\u00bb1\/3&Prime;][vc_single_image image=\u00a0\u00bb402&Prime; img_size=\u00a0\u00bb100&#215;100&Prime; alignment=\u00a0\u00bbright\u00a0\u00bb][\/vc_column][\/vc_row][vc_row equal_height=\u00a0\u00bbyes\u00a0\u00bb parallax=\u00a0\u00bbcontent-moving\u00a0\u00bb][vc_column][vc_row_inner content_placement=\u00a0\u00bbmiddle\u00a0\u00bb css=\u00a0\u00bb.vc_custom_1579862743737{padding-bottom: 5px !important;background-color: #55c2da !important;}\u00a0\u00bb][vc_column_inner width=\u00a0\u00bb1\/3&Prime;][vc_custom_heading text=\u00a0\u00bb(ME) FAIRE PLAISIR CHEZ&#8230;\u00a0\u00bb font_container=\u00a0\u00bbtag:h2|font_size:18|text_align:left|color:%23ffffff\u00a0\u00bb google_fonts=\u00a0\u00bbfont_family:Raleway%3A100%2C200%2C300%2Cregular%2C500%2C600%2C700%2C800%2C900|font_style:900%20bold%20regular%3A900%3Anormal\u00a0\u00bb][\/vc_column_inner][vc_column_inner width=\u00a0\u00bb1\/3&Prime;][\/vc_column_inner][vc_column_inner width=\u00a0\u00bb1\/3&Prime;][vc_gallery type=\u00a0\u00bbimage_grid\u00a0\u00bb images=\u00a0\u00bb6903,6904,6901,6902,6915&Prime; img_size=\u00a0\u00bb50&#215;50&Prime; onclick=\u00a0\u00bb\u00a0\u00bb css=\u00a0\u00bb.vc_custom_1583313147660{padding-right: 5px !important;padding-left: 5px !important;}\u00a0\u00bb][\/vc_column_inner][\/vc_row_inner][vc_row_inner gap=\u00a0\u00bb20&Prime; css=\u00a0\u00bb.vc_custom_1530561296794{padding-top: 50px !important;padding-bottom: 50px !important;}\u00a0\u00bb][vc_column_inner width=\u00a0\u00bb1\/4&Prime; css=\u00a0\u00bb.vc_custom_1540196726679{padding-top: 10px !important;padding-right: 20px !important;padding-bottom: 10px !important;padding-left: 20px !important;background-color: #ededed !important;}\u00a0\u00bb][vc_custom_heading text=\u00a0\u00bbJeux \u2013 Sports \u2013 Loisirs\u00a0\u00bb font_container=\u00a0\u00bbtag:h4|font_size:10|text_align:left\u00a0\u00bb google_fonts=\u00a0\u00bbfont_family:Raleway%3A100%2C200%2C300%2Cregular%2C500%2C600%2C700%2C800%2C900|font_style:300%20light%20regular%3A300%3Anormal\u00a0\u00bb css=\u00a0\u00bb.vc_custom_1530797997119{margin-top: 0px !important;margin-bottom: 0px !important;border-top-width: 0px !important;border-bottom-width: 0px !important;padding-top: 0px !important;padding-bottom: 0px !important;}\u00a0\u00bb][vc_custom_heading text=\u00a0\u00bbLES CHOSES CHOUETTES\u00a0\u00bb font_container=\u00a0\u00bbtag:h3|font_size:14|text_align:left\u00a0\u00bb google_fonts=\u00a0\u00bbfont_family:Raleway%3A100%2C200%2C300%2Cregular%2C500%2C600%2C700%2C800%2C900|font_style:900%20bold%20regular%3A900%3Anormal\u00a0\u00bb link=\u00a0\u00bburl:https%3A%2F%2Fwww.facebook.com%2Fleschoseschouettes%2F||target:%20_blank|\u00a0\u00bb][vc_single_image image=\u00a0\u00bb3390&Prime; img_size=\u00a0\u00bbfull\u00a0\u00bb][vc_custom_heading text=\u00a0\u00bbChauss\u00e9e de Gembloux 67, 5140 Tongrinne\u00a0\u00bb font_container=\u00a0\u00bbtag:p|text_align:left\u00a0\u00bb google_fonts=\u00a0\u00bbfont_family:Raleway%3A100%2C200%2C300%2Cregular%2C500%2C600%2C700%2C800%2C900|font_style:400%20regular%3A400%3Anormal\u00a0\u00bb][vc_custom_heading text=\u00a0\u00bbNous consacrons la moiti\u00e9 de notre \u00e9nergie pour choisir les jeux, jouets, loisirs cr\u00e9atifs et autres articles que nous vous y proposons. L&rsquo;autre moiti\u00e9 pour vous \u00e9couter, jouer ensemble et vous conseiller et r\u00e9pondre \u00e0 vos besoins ou envies. Notre ambition est de pouvoir vous proposer tout article agr\u00e9able \u00e0 offrir \u00e0 vos enfants et amis. Aujourd&rsquo;hui, nous sommes d\u00e9j\u00e0 en mesure de vous proposer un assortiment de jeux, de jeux de soci\u00e9t\u00e9, de jouets, de quelques livres, de la d\u00e9coration de chambre et de salles de jeux, d&rsquo;instruments de musique, de cd&rsquo;s pour enfants et des articles ludiques autour de la pu\u00e9riculture.<\/p>\n<p>Vous trouverez chez nous un tr\u00e8s large assortiment de jouets, premiers jeux, jeux de cartes et loisirs cr\u00e9atifs, jeux de soci\u00e9t\u00e9, jouets en bois, jeux de plage, jeux de plateau, d&rsquo;ambiance et autres, pour le plaisir des petits et des grands !\u00a0\u00bb font_container=\u00a0\u00bbtag:p|text_align:left\u00a0\u00bb google_fonts=\u00a0\u00bbfont_family:Raleway%3A100%2C200%2C300%2Cregular%2C500%2C600%2C700%2C800%2C900|font_style:400%20regular%3A400%3Anormal\u00a0\u00bb][\/vc_column_inner][vc_column_inner width=\u00a0\u00bb1\/4&Prime; css=\u00a0\u00bb.vc_custom_1530561009837{padding-top: 10px !important;padding-right: 20px !important;padding-bottom: 10px !important;padding-left: 20px !important;background-color: #ededed !important;}\u00a0\u00bb][vc_custom_heading text=\u00a0\u00bbPetit \u00e9lectro\u00a0\u00bb font_container=\u00a0\u00bbtag:h4|font_size:10|text_align:left\u00a0\u00bb google_fonts=\u00a0\u00bbfont_family:Raleway%3A100%2C200%2C300%2Cregular%2C500%2C600%2C700%2C800%2C900|font_style:300%20light%20regular%3A300%3Anormal\u00a0\u00bb css=\u00a0\u00bb.vc_custom_1542028009380{margin-top: 0px !important;margin-bottom: 0px !important;border-top-width: 0px !important;border-bottom-width: 0px !important;padding-top: 0px !important;padding-bottom: 0px !important;}\u00a0\u00bb][vc_custom_heading text=\u00a0\u00bbCYR\u00c9O\u00a0\u00bb font_container=\u00a0\u00bbtag:h3|font_size:14|text_align:left\u00a0\u00bb google_fonts=\u00a0\u00bbfont_family:Raleway%3A100%2C200%2C300%2Cregular%2C500%2C600%2C700%2C800%2C900|font_style:900%20bold%20regular%3A900%3Anormal\u00a0\u00bb link=\u00a0\u00bburl:http%3A%2F%2Fwww.cyreo.be||target:%20_blank|\u00a0\u00bb][vc_single_image image=\u00a0\u00bb4295&Prime; img_size=\u00a0\u00bbfull\u00a0\u00bb][vc_custom_heading text=\u00a0\u00bbRue Elisabeth 19A, 5030 Gembloux\u00a0\u00bb font_container=\u00a0\u00bbtag:p|text_align:left\u00a0\u00bb google_fonts=\u00a0\u00bbfont_family:Raleway%3A100%2C200%2C300%2Cregular%2C500%2C600%2C700%2C800%2C900|font_style:400%20regular%3A400%3Anormal\u00a0\u00bb][vc_custom_heading text=\u00a0\u00bbCyr\u00e9o est une coop\u00e9rative \u00e0 finalit\u00e9 sociale qui d\u00e9veloppe des activit\u00e9s permettant de pr\u00e9server les ressources, valoriser les biens usag\u00e9s et cr\u00e9er de l&#8217;emploi pour des travailleurs \u00e9loign\u00e9s du march\u00e9 de l&#8217;emploi. Son mode de gestion participative et les valeurs de solidarit\u00e9 qui l&rsquo;animent au quotidien suscitent des impacts positifs sur les plans \u00e9conomique, social et environnemental.\u00a0\u00bb font_container=\u00a0\u00bbtag:p|text_align:left\u00a0\u00bb google_fonts=\u00a0\u00bbfont_family:Raleway%3A100%2C200%2C300%2Cregular%2C500%2C600%2C700%2C800%2C900|font_style:400%20regular%3A400%3Anormal\u00a0\u00bb][\/vc_column_inner][vc_column_inner width=\u00a0\u00bb1\/4&Prime; css=\u00a0\u00bb.vc_custom_1530561034699{padding-top: 10px !important;padding-right: 20px !important;padding-bottom: 10px !important;padding-left: 20px !important;background-color: #ededed !important;}\u00a0\u00bb][vc_custom_heading text=\u00a0\u00bbLibrairie \u2013 Papeterie \u2013 Informatique\u00a0\u00bb font_container=\u00a0\u00bbtag:h4|font_size:10|text_align:left\u00a0\u00bb google_fonts=\u00a0\u00bbfont_family:Raleway%3A100%2C200%2C300%2Cregular%2C500%2C600%2C700%2C800%2C900|font_style:300%20light%20regular%3A300%3Anormal\u00a0\u00bb css=\u00a0\u00bb.vc_custom_1530798143179{margin-top: 0px !important;margin-bottom: 0px !important;border-top-width: 0px !important;border-bottom-width: 0px !important;padding-top: 0px !important;padding-bottom: 0px !important;}\u00a0\u00bb][vc_custom_heading text=\u00a0\u00bbLIBRAIRIE ANTIGONE\u00a0\u00bb font_container=\u00a0\u00bbtag:h3|font_size:14|text_align:left\u00a0\u00bb google_fonts=\u00a0\u00bbfont_family:Raleway%3A100%2C200%2C300%2Cregular%2C500%2C600%2C700%2C800%2C900|font_style:900%20bold%20regular%3A900%3Anormal\u00a0\u00bb link=\u00a0\u00bburl:http%3A%2F%2Flibrairieantigone.librel.be%2F||target:%20_blank|\u00a0\u00bb][vc_single_image image=\u00a0\u00bb571&Prime; img_size=\u00a0\u00bbfull\u00a0\u00bb][vc_custom_heading text=\u00a0\u00bbPlace de l\u2019Orneau 17A, 5030 Gembloux\u00a0\u00bb font_container=\u00a0\u00bbtag:p|text_align:left\u00a0\u00bb google_fonts=\u00a0\u00bbfont_family:Raleway%3A100%2C200%2C300%2Cregular%2C500%2C600%2C700%2C800%2C900|font_style:400%20regular%3A400%3Anormal\u00a0\u00bb][vc_custom_heading text=\u00a0\u00bbPour le plaisir de lire, d&rsquo;apprendre et de d\u00e9couvrir!\u00a0\u00bb font_container=\u00a0\u00bbtag:p|text_align:left\u00a0\u00bb google_fonts=\u00a0\u00bbfont_family:Raleway%3A100%2C200%2C300%2Cregular%2C500%2C600%2C700%2C800%2C900|font_style:400%20regular%3A400%3Anormal\u00a0\u00bb][\/vc_column_inner][vc_column_inner width=\u00a0\u00bb1\/4&Prime; css=\u00a0\u00bb.vc_custom_1635335633218{padding-top: 10px !important;padding-right: 20px !important;padding-bottom: 10px !important;padding-left: 20px !important;background-color: #ededed !important;}\u00a0\u00bb][vc_custom_heading text=\u00a0\u00bbV\u00eatements\u00a0\u00bb font_container=\u00a0\u00bbtag:h4|font_size:10|text_align:left\u00a0\u00bb google_fonts=\u00a0\u00bbfont_family:Raleway%3A100%2C200%2C300%2Cregular%2C500%2C600%2C700%2C800%2C900|font_style:300%20light%20regular%3A300%3Anormal\u00a0\u00bb css=\u00a0\u00bb.vc_custom_1599053535564{margin-top: 0px !important;margin-bottom: 0px !important;border-top-width: 0px !important;border-bottom-width: 0px !important;padding-top: 0px !important;padding-bottom: 0px !important;}\u00a0\u00bb][vc_custom_heading text=\u00a0\u00bbLA MODISTE\u00a0\u00bb font_container=\u00a0\u00bbtag:h3|font_size:14|text_align:left\u00a0\u00bb google_fonts=\u00a0\u00bbfont_family:Raleway%3A100%2C200%2C300%2Cregular%2C500%2C600%2C700%2C800%2C900|font_style:900%20bold%20regular%3A900%3Anormal\u00a0\u00bb link=\u00a0\u00bburl:http%3A%2F%2Fwww.modiste.be%2Fatelier||target:%20_blank|\u00a0\u00bb][vc_single_image image=\u00a0\u00bb7185&Prime; img_size=\u00a0\u00bbfull\u00a0\u00bb][vc_custom_heading text=\u00a0\u00bbRue Haute 40, 5190 Spy\u00a0\u00bb font_container=\u00a0\u00bbtag:p|text_align:left\u00a0\u00bb google_fonts=\u00a0\u00bbfont_family:Raleway%3A100%2C200%2C300%2Cregular%2C500%2C600%2C700%2C800%2C900|font_style:400%20regular%3A400%3Anormal\u00a0\u00bb][vc_custom_heading text=\u00a0\u00bbLa Modiste, un magasin \u00ab\u00a0\u00e0 l&rsquo;ancienne\u00ab\u00a0, une chapellerie comme on en trouve peu ; des casquettes, des b\u00e9rets, des chapeaux, pour l&rsquo;homme ou pour la femme, le tout fabriqu\u00e9 en Belgique&#8230;.<br \/>\nVous pourrez y trouver nos articles en version sur-mesure, ou en \u00ab\u00a0pr\u00eat-\u00e0-porter\u00ab\u00a0.<br \/>\nNotre boutique propose aussi un large choix de gants, d&rsquo;\u00e9charpes de fabrication europ\u00e9enne.<br \/>\nNous sommes aussi les seuls revendeurs de la marque Borsalino en Wallonie.<br \/>\nNous travaillons pour une client\u00e8le priv\u00e9e et professionnelle, ainsi que pour le folklore de fa\u00e7on g\u00e9n\u00e9rale: Marches de l&rsquo;Entre-Sambre et Meuse, Ducasse d&rsquo;Ath, Molons de Namur,&#8230;\u00a0\u00bb font_container=\u00a0\u00bbtag:p|text_align:left\u00a0\u00bb google_fonts=\u00a0\u00bbfont_family:Raleway%3A100%2C200%2C300%2Cregular%2C500%2C600%2C700%2C800%2C900|font_style:400%20regular%3A400%3Anormal\u00a0\u00bb][\/vc_column_inner][\/vc_row_inner][vc_row_inner gap=\u00a0\u00bb20&Prime; css=\u00a0\u00bb.vc_custom_1530561296794{padding-top: 50px !important;padding-bottom: 50px !important;}\u00a0\u00bb][vc_column_inner width=\u00a0\u00bb1\/4&Prime; css=\u00a0\u00bb.vc_custom_1599053518593{padding-top: 10px !important;padding-right: 20px !important;padding-bottom: 10px !important;padding-left: 20px !important;background-color: #ededed !important;}\u00a0\u00bb][vc_custom_heading text=\u00a0\u00bbZ\u00e9ro d\u00e9chets, produits naturels, aromath\u00e9rapie\u00a0\u00bb font_container=\u00a0\u00bbtag:h4|font_size:10|text_align:left\u00a0\u00bb google_fonts=\u00a0\u00bbfont_family:Raleway%3A100%2C200%2C300%2Cregular%2C500%2C600%2C700%2C800%2C900|font_style:300%20light%20regular%3A300%3Anormal\u00a0\u00bb css=\u00a0\u00bb.vc_custom_1635335889053{margin-top: 0px !important;margin-bottom: 0px !important;border-top-width: 0px !important;border-bottom-width: 0px !important;padding-top: 0px !important;padding-bottom: 0px !important;}\u00a0\u00bb][vc_custom_heading text=\u00a0\u00bbLE NID DE L&rsquo;ESSENTIEL\u00a0\u00bb font_container=\u00a0\u00bbtag:h3|font_size:14|text_align:left\u00a0\u00bb google_fonts=\u00a0\u00bbfont_family:Raleway%3A100%2C200%2C300%2Cregular%2C500%2C600%2C700%2C800%2C900|font_style:900%20bold%20regular%3A900%3Anormal\u00a0\u00bb link=\u00a0\u00bburl:http%3A%2F%2Fwww.leniddelessentiel.com|target:_blank\u00a0\u00bb][vc_single_image image=\u00a0\u00bb7283&Prime; img_size=\u00a0\u00bbfull\u00a0\u00bb][vc_custom_heading text=\u00a0\u00bbGrand\u2019Rue 53, 5030 Gembloux\u00a0\u00bb font_container=\u00a0\u00bbtag:p|text_align:left\u00a0\u00bb google_fonts=\u00a0\u00bbfont_family:Raleway%3A100%2C200%2C300%2Cregular%2C500%2C600%2C700%2C800%2C900|font_style:400%20regular%3A400%3Anormal\u00a0\u00bb][vc_custom_heading text=\u00a0\u00bbBoutique \u00c9co responsable \u00e0 Gembloux.<\/p>\n<p>Articles z\u00e9ro d\u00e9chet, cosm\u00e9tiques naturels, maquillage ZAO, aromath\u00e9rapie, tisanes, bougies, bijoux, artisanat local&#8230;<br \/>\n\u00a0\u00bb font_container=\u00a0\u00bbtag:p|text_align:left\u00a0\u00bb google_fonts=\u00a0\u00bbfont_family:Raleway%3A100%2C200%2C300%2Cregular%2C500%2C600%2C700%2C800%2C900|font_style:400%20regular%3A400%3Anormal\u00a0\u00bb][\/vc_column_inner][vc_column_inner width=\u00a0\u00bb1\/4&Prime; css=\u00a0\u00bb.vc_custom_1583312993523{padding-top: 10px !important;padding-right: 20px !important;padding-bottom: 10px !important;padding-left: 20px !important;background-color: #ededed !important;}\u00a0\u00bb][vc_custom_heading text=\u00a0\u00bbV\u00eatements<br \/>\nJeux \u2013 Sports \u2013 Loisirs\u00a0\u00bb font_container=\u00a0\u00bbtag:h4|font_size:10|text_align:left\u00a0\u00bb google_fonts=\u00a0\u00bbfont_family:Raleway%3A100%2C200%2C300%2Cregular%2C500%2C600%2C700%2C800%2C900|font_style:300%20light%20regular%3A300%3Anormal\u00a0\u00bb css=\u00a0\u00bb.vc_custom_1540139533577{margin-top: 0px !important;margin-bottom: 0px !important;border-top-width: 0px !important;border-bottom-width: 0px !important;padding-top: 0px !important;padding-bottom: 0px !important;}\u00a0\u00bb][vc_custom_heading text=\u00a0\u00bbLE PETIT NAPO\u00a0\u00bb font_container=\u00a0\u00bbtag:h3|font_size:14|text_align:left\u00a0\u00bb google_fonts=\u00a0\u00bbfont_family:Raleway%3A100%2C200%2C300%2Cregular%2C500%2C600%2C700%2C800%2C900|font_style:900%20bold%20regular%3A900%3Anormal\u00a0\u00bb link=\u00a0\u00bburl:http%3A%2F%2Fwww.lepetitnapo.be||target:%20_blank|\u00a0\u00bb][vc_single_image image=\u00a0\u00bb573&Prime; img_size=\u00a0\u00bbfull\u00a0\u00bb][vc_custom_heading text=\u00a0\u00bbAvenue de la Facult\u00e9 d&rsquo;Agronomie 73, 5030 Gembloux\u00a0\u00bb font_container=\u00a0\u00bbtag:p|text_align:left\u00a0\u00bb google_fonts=\u00a0\u00bbfont_family:Raleway%3A100%2C200%2C300%2Cregular%2C500%2C600%2C700%2C800%2C900|font_style:400%20regular%3A400%3Anormal\u00a0\u00bb][vc_custom_heading text=\u00a0\u00bbLa boutique \u00e9thique pour vos loustics !<br \/>\nLe petit Napo, c&rsquo;est la boutique pop et vitamin\u00e9e enti\u00e8rement d\u00e9di\u00e9e \u00e0 l&rsquo;univers des b\u00e9b\u00e9s, enfants et leurs parents.<br \/>\nLe petit Napo, c&rsquo;est la mode peps pour les loustics, mais aussi des chaussures, des jouets, des accessoires, des livres, des loisirs cr\u00e9atifs, de la d\u00e9co et des bijoux.<br \/>\nLe petit Napo, c&rsquo;est aussi une gamme abordable qui fait rimer cr\u00e9ativit\u00e9, originalit\u00e9 et d\u00e9marche \u00e9thique.<br \/>\nLe petit Napo, c&rsquo;est \u00e9galement des listes de naissance.\u00a0\u00bb font_container=\u00a0\u00bbtag:p|text_align:left\u00a0\u00bb google_fonts=\u00a0\u00bbfont_family:Raleway%3A100%2C200%2C300%2Cregular%2C500%2C600%2C700%2C800%2C900|font_style:400%20regular%3A400%3Anormal\u00a0\u00bb][\/vc_column_inner][\/vc_row_inner][\/vc_column][\/vc_row]<\/p>\n<\/div>","protected":false},"excerpt":{"rendered":"<p>[vc_row content_placement=\u00a0\u00bbmiddle\u00a0\u00bb][vc_column width=\u00a0\u00bb2\/3&Prime;][vc_custom_heading text=\u00a0\u00bbAvec mes Orno, je peux&#8230;\u00a0\u00bb font_container=\u00a0\u00bbtag:p|font_size:32|text_align:left\u00a0\u00bb google_fonts=\u00a0\u00bbfont_family:Raleway%3A100%2C200%2C300%2Cregular%2C500%2C600%2C700%2C800%2C900|font_style:400%20regular%3A400%3Anormal\u00a0\u00bb][\/vc_column][vc_column width=\u00a0\u00bb1\/3&Prime;][vc_single_image image=\u00a0\u00bb402&Prime; img_size=\u00a0\u00bb100&#215;100&Prime; alignment=\u00a0\u00bbright\u00a0\u00bb][\/vc_column][\/vc_row][vc_row equal_height=\u00a0\u00bbyes\u00a0\u00bb parallax=\u00a0\u00bbcontent-moving\u00a0\u00bb][vc_column][vc_row_inner content_placement=\u00a0\u00bbmiddle\u00a0\u00bb css=\u00a0\u00bb.vc_custom_1579862743737{padding-bottom: 5px !important;background-color: #55c2da !important;}\u00a0\u00bb][vc_column_inner width=\u00a0\u00bb1\/3&Prime;][vc_custom_heading text=\u00a0\u00bb(ME) FAIRE PLAISIR CHEZ&#8230;\u00a0\u00bb font_container=\u00a0\u00bbtag:h2|font_size:18|text_align:left|color:%23ffffff\u00a0\u00bb google_fonts=\u00a0\u00bbfont_family:Raleway%3A100%2C200%2C300%2Cregular%2C500%2C600%2C700%2C800%2C900|font_style:900%20bold%20regular%3A900%3Anormal\u00a0\u00bb][\/vc_column_inner][vc_column_inner width=\u00a0\u00bb1\/3&Prime;][\/vc_column_inner][vc_column_inner width=\u00a0\u00bb1\/3&Prime;][vc_gallery type=\u00a0\u00bbimage_grid\u00a0\u00bb images=\u00a0\u00bb6903,6904,6901,6902,6915&Prime; img_size=\u00a0\u00bb50&#215;50&Prime; onclick=\u00a0\u00bb\u00a0\u00bb css=\u00a0\u00bb.vc_custom_1583313147660{padding-right: 5px !important;padding-left: 5px !important;}\u00a0\u00bb][\/vc_column_inner][\/vc_row_inner][vc_row_inner gap=\u00a0\u00bb20&Prime; css=\u00a0\u00bb.vc_custom_1530561296794{padding-top: 50px !important;padding-bottom: 50px !important;}\u00a0\u00bb][vc_column_inner width=\u00a0\u00bb1\/4&Prime; css=\u00a0\u00bb.vc_custom_1540196726679{padding-top: 10px !important;padding-right: 20px !important;padding-bottom: 10px !important;padding-left: 20px &hellip; <a href=\"http:\/\/www.orno.be\/index.php\/prestataires\/me-faire-plaisir\/\" title=\"(Me) Faire plaisir\" class=\"read-more\">Read More<\/a><\/p>\n","protected":false},"author":1,"featured_media":0,"parent":140,"menu_order":0,"comment_status":"closed","ping_status":"closed","template":"","meta":{"jetpack_post_was_ever_published":false,"footnotes":""},"class_list":["post-7087","page","type-page","status-publish","hentry"],"yoast_head":"<!-- This site is optimized with the Yoast SEO plugin v26.0 - https:\/\/yoast.com\/wordpress\/plugins\/seo\/ -->\n<title>(Me) Faire plaisir - Orno<\/title>\n<meta name=\"description\" content=\"Vous retrouverez ici toutes les informations concernant les prestataires acceptant les Orno.\" \/>\n<meta name=\"robots\" content=\"index, follow, max-snippet:-1, max-image-preview:large, max-video-preview:-1\" \/>\n<link rel=\"canonical\" href=\"http:\/\/www.orno.be\/index.php\/prestataires\/me-faire-plaisir\/\" \/>\n<meta property=\"og:locale\" content=\"fr_FR\" \/>\n<meta property=\"og:type\" content=\"article\" \/>\n<meta property=\"og:title\" content=\"(Me) Faire plaisir - Orno\" \/>\n<meta property=\"og:description\" content=\"Vous retrouverez ici toutes les informations concernant les prestataires acceptant les Orno.\" \/>\n<meta property=\"og:url\" content=\"http:\/\/www.orno.be\/index.php\/prestataires\/me-faire-plaisir\/\" \/>\n<meta property=\"og:site_name\" content=\"Orno\" \/>\n<meta property=\"article:modified_time\" content=\"2021-10-27T11:58:30+00:00\" \/>\n<meta name=\"twitter:card\" content=\"summary_large_image\" \/>\n<meta name=\"twitter:label1\" content=\"Dur\u00e9e de lecture estim\u00e9e\" \/>\n\t<meta name=\"twitter:data1\" content=\"4 minutes\" \/>\n<script type=\"application\/ld+json\" class=\"yoast-schema-graph\">{\"@context\":\"https:\/\/schema.org\",\"@graph\":[{\"@type\":\"WebPage\",\"@id\":\"http:\/\/www.orno.be\/index.php\/prestataires\/me-faire-plaisir\/\",\"url\":\"http:\/\/www.orno.be\/index.php\/prestataires\/me-faire-plaisir\/\",\"name\":\"(Me) Faire plaisir - Orno\",\"isPartOf\":{\"@id\":\"https:\/\/www.orno.be\/#website\"},\"datePublished\":\"2020-03-04T13:02:56+00:00\",\"dateModified\":\"2021-10-27T11:58:30+00:00\",\"description\":\"Vous retrouverez ici toutes les informations concernant les prestataires acceptant les Orno.\",\"breadcrumb\":{\"@id\":\"http:\/\/www.orno.be\/index.php\/prestataires\/me-faire-plaisir\/#breadcrumb\"},\"inLanguage\":\"fr-FR\",\"potentialAction\":[{\"@type\":\"ReadAction\",\"target\":[\"http:\/\/www.orno.be\/index.php\/prestataires\/me-faire-plaisir\/\"]}]},{\"@type\":\"BreadcrumbList\",\"@id\":\"http:\/\/www.orno.be\/index.php\/prestataires\/me-faire-plaisir\/#breadcrumb\",\"itemListElement\":[{\"@type\":\"ListItem\",\"position\":1,\"name\":\"Accueil\",\"item\":\"https:\/\/www.orno.be\/\"},{\"@type\":\"ListItem\",\"position\":2,\"name\":\"Prestataires\",\"item\":\"http:\/\/www.orno.be\/index.php\/prestataires\/\"},{\"@type\":\"ListItem\",\"position\":3,\"name\":\"(Me) Faire plaisir\"}]},{\"@type\":\"WebSite\",\"@id\":\"https:\/\/www.orno.be\/#website\",\"url\":\"https:\/\/www.orno.be\/\",\"name\":\"Orno\",\"description\":\"Monnaie citoyenne de la r\u00e9gion de Gembloux et Sombreffe\",\"potentialAction\":[{\"@type\":\"SearchAction\",\"target\":{\"@type\":\"EntryPoint\",\"urlTemplate\":\"https:\/\/www.orno.be\/?s={search_term_string}\"},\"query-input\":{\"@type\":\"PropertyValueSpecification\",\"valueRequired\":true,\"valueName\":\"search_term_string\"}}],\"inLanguage\":\"fr-FR\"}]}<\/script>\n<!-- \/ Yoast SEO plugin. -->","yoast_head_json":{"title":"(Me) Faire plaisir - Orno","description":"Vous retrouverez ici toutes les informations concernant les prestataires acceptant les Orno.","robots":{"index":"index","follow":"follow","max-snippet":"max-snippet:-1","max-image-preview":"max-image-preview:large","max-video-preview":"max-video-preview:-1"},"canonical":"http:\/\/www.orno.be\/index.php\/prestataires\/me-faire-plaisir\/","og_locale":"fr_FR","og_type":"article","og_title":"(Me) Faire plaisir - Orno","og_description":"Vous retrouverez ici toutes les informations concernant les prestataires acceptant les Orno.","og_url":"http:\/\/www.orno.be\/index.php\/prestataires\/me-faire-plaisir\/","og_site_name":"Orno","article_modified_time":"2021-10-27T11:58:30+00:00","twitter_card":"summary_large_image","twitter_misc":{"Dur\u00e9e de lecture estim\u00e9e":"4 minutes"},"schema":{"@context":"https:\/\/schema.org","@graph":[{"@type":"WebPage","@id":"http:\/\/www.orno.be\/index.php\/prestataires\/me-faire-plaisir\/","url":"http:\/\/www.orno.be\/index.php\/prestataires\/me-faire-plaisir\/","name":"(Me) Faire plaisir - Orno","isPartOf":{"@id":"https:\/\/www.orno.be\/#website"},"datePublished":"2020-03-04T13:02:56+00:00","dateModified":"2021-10-27T11:58:30+00:00","description":"Vous retrouverez ici toutes les informations concernant les prestataires acceptant les Orno.","breadcrumb":{"@id":"http:\/\/www.orno.be\/index.php\/prestataires\/me-faire-plaisir\/#breadcrumb"},"inLanguage":"fr-FR","potentialAction":[{"@type":"ReadAction","target":["http:\/\/www.orno.be\/index.php\/prestataires\/me-faire-plaisir\/"]}]},{"@type":"BreadcrumbList","@id":"http:\/\/www.orno.be\/index.php\/prestataires\/me-faire-plaisir\/#breadcrumb","itemListElement":[{"@type":"ListItem","position":1,"name":"Accueil","item":"https:\/\/www.orno.be\/"},{"@type":"ListItem","position":2,"name":"Prestataires","item":"http:\/\/www.orno.be\/index.php\/prestataires\/"},{"@type":"ListItem","position":3,"name":"(Me) Faire plaisir"}]},{"@type":"WebSite","@id":"https:\/\/www.orno.be\/#website","url":"https:\/\/www.orno.be\/","name":"Orno","description":"Monnaie citoyenne de la r\u00e9gion de Gembloux et Sombreffe","potentialAction":[{"@type":"SearchAction","target":{"@type":"EntryPoint","urlTemplate":"https:\/\/www.orno.be\/?s={search_term_string}"},"query-input":{"@type":"PropertyValueSpecification","valueRequired":true,"valueName":"search_term_string"}}],"inLanguage":"fr-FR"}]}},"jetpack_sharing_enabled":true,"jetpack_shortlink":"https:\/\/wp.me\/P9lcRP-1Qj","jetpack_likes_enabled":true,"jetpack-related-posts":[],"_links":{"self":[{"href":"http:\/\/www.orno.be\/index.php\/wp-json\/wp\/v2\/pages\/7087","targetHints":{"allow":["GET"]}}],"collection":[{"href":"http:\/\/www.orno.be\/index.php\/wp-json\/wp\/v2\/pages"}],"about":[{"href":"http:\/\/www.orno.be\/index.php\/wp-json\/wp\/v2\/types\/page"}],"author":[{"embeddable":true,"href":"http:\/\/www.orno.be\/index.php\/wp-json\/wp\/v2\/users\/1"}],"replies":[{"embeddable":true,"href":"http:\/\/www.orno.be\/index.php\/wp-json\/wp\/v2\/comments?post=7087"}],"version-history":[{"count":6,"href":"http:\/\/www.orno.be\/index.php\/wp-json\/wp\/v2\/pages\/7087\/revisions"}],"predecessor-version":[{"id":7284,"href":"http:\/\/www.orno.be\/index.php\/wp-json\/wp\/v2\/pages\/7087\/revisions\/7284"}],"up":[{"embeddable":true,"href":"http:\/\/www.orno.be\/index.php\/wp-json\/wp\/v2\/pages\/140"}],"wp:attachment":[{"href":"http:\/\/www.orno.be\/index.php\/wp-json\/wp\/v2\/media?parent=7087"}],"curies":[{"name":"wp","href":"https:\/\/api.w.org\/{rel}","templated":true}]}}