{"id":7349,"date":"2023-04-11T15:56:16","date_gmt":"2023-04-11T13:56:16","guid":{"rendered":"http:\/\/www.orno.be\/?page_id=7349"},"modified":"2023-04-11T16:25:42","modified_gmt":"2023-04-11T14:25:42","slug":"dans-la-presse","status":"publish","type":"page","link":"http:\/\/www.orno.be\/index.php\/lorno\/dans-la-presse\/","title":{"rendered":"Dans la presse"},"content":{"rendered":"<h4><strong>2022<\/strong><\/h4>\n<ul>\n<li><strong>RTBF<\/strong>, 12 octobre: <em><a href=\"https:\/\/www.rtbf.be\/article\/gembloux-la-monnaie-locale-orno-passe-a-l-electronique-11080147\">Gembloux : la monnaie locale \u00ab\u00a0Orno\u00a0\u00bb passe \u00e0 l&rsquo;\u00e9lectronique<\/a><\/em><\/li>\n<li><strong>L&rsquo;Avenir<\/strong>, 10 octobre: <em><a href=\"https:\/\/www.lavenir.net\/regions\/namur\/2022\/10\/10\/e-orno-la-monnaie-locale-a-gembloux-et-sombreffe-se-modernise-IDV52Z4RBVCCVLJ2WFECWRVTFE\/\">E-orno: la monnaie locale \u00e0 Gembloux et Sombreffe se modernise<\/a> <\/em>&#8211; voir article complet <a href=\"http:\/\/www.orno.be\/wp-content\/uploads\/2023\/04\/Article-LAvenir.png\">ici<\/a><\/li>\n<li><strong>Financit\u00e9<\/strong>, 6 octobre: <em><a href=\"https:\/\/www.financite.be\/fr\/event\/lorno-lance-sa-version-electronique-e-orno\">L&rsquo;Orno lance sa version \u00e9lectronique &#8211; e-Orno!<\/a><\/em><\/li>\n<li><strong>Sud Info<\/strong>, 29 septembre: <em><a href=\"https:\/\/www.sudinfo.be\/id504633\/article\/2022-09-29\/lorno-la-monnaie-de-gembloux-et-sombreffe-passe-lelectronique\">L\u2019Orno, la monnaie de Gembloux et Sombreffe, passe \u00e0 l\u2019\u00e9lectronique<\/a><\/em><\/li>\n<li><strong>DH<\/strong>, 28 septembre: <em><a href=\"https:\/\/www.dhnet.be\/regions\/namur\/2022\/09\/28\/lorno-monnaie-citoyenne-des-territoires-de-gembloux-et-sombreffe-lance-sa-version-electronique-J35O3TFCSJHQZB2PWCGQFMYHLI\/\">L\u2019ORNO, monnaie citoyenne des territoires de Gembloux et Sombreffe, lance sa version \u00e9lectronique<\/a><\/em><\/li>\n<li><strong>Gembloux.be<\/strong>: <em><a href=\"https:\/\/www.gembloux.be\/ma-commune\/services-communaux\/dynamique-urbaine\/actualites\/l2019orno-monnaie-citoyenne-des-territoires-de-gembloux-et-sombreffe-lance-sa-version-electronique\">L\u2019ORNO passe en version \u00e9lectronique en compl\u00e8ment des billets<\/a><\/em><\/li>\n<\/ul>\n<h4>2021<\/h4>\n<ul>\n<li><strong>Le Soir<\/strong>, 12 mars: <em><a href=\"https:\/\/www.lesoir.be\/360429\/article\/2021-03-12\/plus-dun-million-dunites-de-monnaies-locales-en-circulation-en-belgique\">Plus d&rsquo;un million d&rsquo;unit\u00e9s de monnaies locales en circulation en Belgique francophone<\/a><\/em><\/li>\n<\/ul>\n<h4>2020<\/h4>\n<ul>\n<li><strong>Canal Zoom<\/strong>, 12 juin: <em><a href=\"http:\/\/www.canalzoom.be\/un-nouveau-billet-de-19-orno-comme-cheque-commerce-local-pour-tous-les-gembloutois\/\">Un nouveau billet de 19 Orno comme \u00ab\u00a0ch\u00e8que commerce local\u00a0\u00bb pour tous les Gembloutois<\/a><\/em><\/li>\n<\/ul>\n<h4><strong>2019<\/strong><\/h4>\n<ul>\n<li><strong>Canal Zoom<\/strong>, 4 octobre: <em><a href=\"http:\/\/www.canalzoom.be\/gembloux-un-an-apres-son-lancement-quelle-place-pour-lorno-dans-le-portefeuille-des-gembloutois\/\">Gembloux: un an apr\u00e8s son lancement, quelle place pour l\u2019Orno dans le portefeuille des Gembloutois?<\/a><\/em><\/li>\n<\/ul>\n<h4><strong>2018<\/strong><\/h4>\n<ul>\n<li><strong>Canal Zoom<\/strong>, 19 juin: <em><a href=\"http:\/\/www.canalzoom.be\/lancement-de-lorno-pourquoi-avoir-une-monnaie-locale\/\">Lancement de l\u2019Orno: pourquoi avoir une monnaie locale?<\/a><\/em><\/li>\n<\/ul>\n<h4><strong>2017<\/strong><\/h4>\n<ul>\n<li><strong>Canal Zoom<\/strong>, 26 juin: <em><a href=\"http:\/\/www.canalzoom.be\/lorno-la-future-monnaie-citoyenne-de-gembloux-a-ses-billets\/\">L\u2019Orno, la future monnaie citoyenne de Gembloux a ses billets<\/a><\/em><\/li>\n<li><strong>Canal Zoom<\/strong>, 13 juin: <em><a href=\"http:\/\/www.canalzoom.be\/lorno-future-monnaie-gembloutoise\/\">L\u2019Orno : future monnaie gembloutoise ?<\/a><\/em><\/li>\n<li><strong>Canal Zoom<\/strong>, 4 mai: <em><a href=\"http:\/\/www.canalzoom.be\/la-future-monnaie-locale-de-gembloux-lorno\/\">L&rsquo;invit\u00e9 &#8211; La future monnaie locale de Gembloux, l\u2019Orno<\/a><\/em><\/li>\n<\/ul>\n","protected":false},"excerpt":{"rendered":"<p>2022 RTBF, 12 octobre: Gembloux : la monnaie locale \u00ab\u00a0Orno\u00a0\u00bb passe \u00e0 l&rsquo;\u00e9lectronique L&rsquo;Avenir, 10 octobre: E-orno: la monnaie locale \u00e0 Gembloux et Sombreffe se modernise &#8211; voir article complet ici Financit\u00e9, 6 octobre: L&rsquo;Orno lance sa version \u00e9lectronique &#8211; e-Orno! Sud Info, 29 septembre: L\u2019Orno, la monnaie de Gembloux et Sombreffe, passe \u00e0 l\u2019\u00e9lectronique &hellip; <a href=\"http:\/\/www.orno.be\/index.php\/lorno\/dans-la-presse\/\" title=\"Dans la presse\" class=\"read-more\">Read More<\/a><\/p>\n","protected":false},"author":1,"featured_media":0,"parent":270,"menu_order":0,"comment_status":"closed","ping_status":"closed","template":"","meta":{"jetpack_post_was_ever_published":false,"footnotes":""},"class_list":["post-7349","page","type-page","status-publish","hentry"],"yoast_head":"<!-- This site is optimized with the Yoast SEO plugin v26.0 - https:\/\/yoast.com\/wordpress\/plugins\/seo\/ -->\n<title>Dans la presse - Orno<\/title>\n<meta name=\"robots\" content=\"index, follow, max-snippet:-1, max-image-preview:large, max-video-preview:-1\" \/>\n<link rel=\"canonical\" href=\"https:\/\/www.orno.be\/index.php\/lorno\/dans-la-presse\/\" \/>\n<meta property=\"og:locale\" content=\"fr_FR\" \/>\n<meta property=\"og:type\" content=\"article\" \/>\n<meta property=\"og:title\" content=\"Dans la presse - Orno\" \/>\n<meta property=\"og:description\" content=\"2022 RTBF, 12 octobre: Gembloux : la monnaie locale \u00ab\u00a0Orno\u00a0\u00bb passe \u00e0 l&rsquo;\u00e9lectronique L&rsquo;Avenir, 10 octobre: E-orno: la monnaie locale \u00e0 Gembloux et Sombreffe se modernise &#8211; voir article complet ici Financit\u00e9, 6 octobre: L&rsquo;Orno lance sa version \u00e9lectronique &#8211; e-Orno! Sud Info, 29 septembre: L\u2019Orno, la monnaie de Gembloux et Sombreffe, passe \u00e0 l\u2019\u00e9lectronique [&hellip;]\" \/>\n<meta property=\"og:url\" content=\"https:\/\/www.orno.be\/index.php\/lorno\/dans-la-presse\/\" \/>\n<meta property=\"og:site_name\" content=\"Orno\" \/>\n<meta property=\"article:modified_time\" content=\"2023-04-11T14:25:42+00:00\" \/>\n<meta name=\"twitter:card\" content=\"summary_large_image\" \/>\n<meta name=\"twitter:label1\" content=\"Dur\u00e9e de lecture estim\u00e9e\" \/>\n\t<meta name=\"twitter:data1\" content=\"1 minute\" \/>\n<script type=\"application\/ld+json\" class=\"yoast-schema-graph\">{\"@context\":\"https:\/\/schema.org\",\"@graph\":[{\"@type\":\"WebPage\",\"@id\":\"https:\/\/www.orno.be\/index.php\/lorno\/dans-la-presse\/\",\"url\":\"https:\/\/www.orno.be\/index.php\/lorno\/dans-la-presse\/\",\"name\":\"Dans la presse - Orno\",\"isPartOf\":{\"@id\":\"https:\/\/www.orno.be\/#website\"},\"datePublished\":\"2023-04-11T13:56:16+00:00\",\"dateModified\":\"2023-04-11T14:25:42+00:00\",\"breadcrumb\":{\"@id\":\"https:\/\/www.orno.be\/index.php\/lorno\/dans-la-presse\/#breadcrumb\"},\"inLanguage\":\"fr-FR\",\"potentialAction\":[{\"@type\":\"ReadAction\",\"target\":[\"https:\/\/www.orno.be\/index.php\/lorno\/dans-la-presse\/\"]}]},{\"@type\":\"BreadcrumbList\",\"@id\":\"https:\/\/www.orno.be\/index.php\/lorno\/dans-la-presse\/#breadcrumb\",\"itemListElement\":[{\"@type\":\"ListItem\",\"position\":1,\"name\":\"Accueil\",\"item\":\"https:\/\/www.orno.be\/\"},{\"@type\":\"ListItem\",\"position\":2,\"name\":\"L&rsquo;Orno\",\"item\":\"https:\/\/www.orno.be\/index.php\/lorno\/\"},{\"@type\":\"ListItem\",\"position\":3,\"name\":\"Dans la presse\"}]},{\"@type\":\"WebSite\",\"@id\":\"https:\/\/www.orno.be\/#website\",\"url\":\"https:\/\/www.orno.be\/\",\"name\":\"Orno\",\"description\":\"Monnaie citoyenne de la r\u00e9gion de Gembloux et Sombreffe\",\"potentialAction\":[{\"@type\":\"SearchAction\",\"target\":{\"@type\":\"EntryPoint\",\"urlTemplate\":\"https:\/\/www.orno.be\/?s={search_term_string}\"},\"query-input\":{\"@type\":\"PropertyValueSpecification\",\"valueRequired\":true,\"valueName\":\"search_term_string\"}}],\"inLanguage\":\"fr-FR\"}]}<\/script>\n<!-- \/ Yoast SEO plugin. -->","yoast_head_json":{"title":"Dans la presse - Orno","robots":{"index":"index","follow":"follow","max-snippet":"max-snippet:-1","max-image-preview":"max-image-preview:large","max-video-preview":"max-video-preview:-1"},"canonical":"https:\/\/www.orno.be\/index.php\/lorno\/dans-la-presse\/","og_locale":"fr_FR","og_type":"article","og_title":"Dans la presse - Orno","og_description":"2022 RTBF, 12 octobre: Gembloux : la monnaie locale \u00ab\u00a0Orno\u00a0\u00bb passe \u00e0 l&rsquo;\u00e9lectronique L&rsquo;Avenir, 10 octobre: E-orno: la monnaie locale \u00e0 Gembloux et Sombreffe se modernise &#8211; voir article complet ici Financit\u00e9, 6 octobre: L&rsquo;Orno lance sa version \u00e9lectronique &#8211; e-Orno! Sud Info, 29 septembre: L\u2019Orno, la monnaie de Gembloux et Sombreffe, passe \u00e0 l\u2019\u00e9lectronique [&hellip;]","og_url":"https:\/\/www.orno.be\/index.php\/lorno\/dans-la-presse\/","og_site_name":"Orno","article_modified_time":"2023-04-11T14:25:42+00:00","twitter_card":"summary_large_image","twitter_misc":{"Dur\u00e9e de lecture estim\u00e9e":"1 minute"},"schema":{"@context":"https:\/\/schema.org","@graph":[{"@type":"WebPage","@id":"https:\/\/www.orno.be\/index.php\/lorno\/dans-la-presse\/","url":"https:\/\/www.orno.be\/index.php\/lorno\/dans-la-presse\/","name":"Dans la presse - Orno","isPartOf":{"@id":"https:\/\/www.orno.be\/#website"},"datePublished":"2023-04-11T13:56:16+00:00","dateModified":"2023-04-11T14:25:42+00:00","breadcrumb":{"@id":"https:\/\/www.orno.be\/index.php\/lorno\/dans-la-presse\/#breadcrumb"},"inLanguage":"fr-FR","potentialAction":[{"@type":"ReadAction","target":["https:\/\/www.orno.be\/index.php\/lorno\/dans-la-presse\/"]}]},{"@type":"BreadcrumbList","@id":"https:\/\/www.orno.be\/index.php\/lorno\/dans-la-presse\/#breadcrumb","itemListElement":[{"@type":"ListItem","position":1,"name":"Accueil","item":"https:\/\/www.orno.be\/"},{"@type":"ListItem","position":2,"name":"L&rsquo;Orno","item":"https:\/\/www.orno.be\/index.php\/lorno\/"},{"@type":"ListItem","position":3,"name":"Dans la presse"}]},{"@type":"WebSite","@id":"https:\/\/www.orno.be\/#website","url":"https:\/\/www.orno.be\/","name":"Orno","description":"Monnaie citoyenne de la r\u00e9gion de Gembloux et Sombreffe","potentialAction":[{"@type":"SearchAction","target":{"@type":"EntryPoint","urlTemplate":"https:\/\/www.orno.be\/?s={search_term_string}"},"query-input":{"@type":"PropertyValueSpecification","valueRequired":true,"valueName":"search_term_string"}}],"inLanguage":"fr-FR"}]}},"jetpack_sharing_enabled":true,"jetpack_shortlink":"https:\/\/wp.me\/P9lcRP-1Ux","jetpack_likes_enabled":true,"jetpack-related-posts":[],"_links":{"self":[{"href":"http:\/\/www.orno.be\/index.php\/wp-json\/wp\/v2\/pages\/7349","targetHints":{"allow":["GET"]}}],"collection":[{"href":"http:\/\/www.orno.be\/index.php\/wp-json\/wp\/v2\/pages"}],"about":[{"href":"http:\/\/www.orno.be\/index.php\/wp-json\/wp\/v2\/types\/page"}],"author":[{"embeddable":true,"href":"http:\/\/www.orno.be\/index.php\/wp-json\/wp\/v2\/users\/1"}],"replies":[{"embeddable":true,"href":"http:\/\/www.orno.be\/index.php\/wp-json\/wp\/v2\/comments?post=7349"}],"version-history":[{"count":9,"href":"http:\/\/www.orno.be\/index.php\/wp-json\/wp\/v2\/pages\/7349\/revisions"}],"predecessor-version":[{"id":7365,"href":"http:\/\/www.orno.be\/index.php\/wp-json\/wp\/v2\/pages\/7349\/revisions\/7365"}],"up":[{"embeddable":true,"href":"http:\/\/www.orno.be\/index.php\/wp-json\/wp\/v2\/pages\/270"}],"wp:attachment":[{"href":"http:\/\/www.orno.be\/index.php\/wp-json\/wp\/v2\/media?parent=7349"}],"curies":[{"name":"wp","href":"https:\/\/api.w.org\/{rel}","templated":true}]}}