{"id":7300,"date":"2022-06-08T17:28:07","date_gmt":"2022-06-08T15:28:07","guid":{"rendered":"http:\/\/www.orno.be\/?page_id=7300"},"modified":"2022-09-07T14:23:46","modified_gmt":"2022-09-07T12:23:46","slug":"e-orno","status":"publish","type":"page","link":"https:\/\/www.orno.be\/index.php\/se-procurer-des-orno\/e-orno\/","title":{"rendered":"e-Orno"},"content":{"rendered":"<div class=\"wpb-content-wrapper\"><p>[vc_row][vc_column width=\u00a0\u00bb1\/6&Prime;][vc_single_image image=\u00a0\u00bb401&Prime; alignment=\u00a0\u00bbcenter\u00a0\u00bb css=\u00a0\u00bb.vc_custom_1578944990825{padding-top: 40px !important;}\u00a0\u00bb][\/vc_column][vc_column width=\u00a0\u00bb2\/3&Prime;][vc_custom_heading text=\u00a0\u00bbDepuis septembre 2022, l&rsquo;Orno \u00e9lectronique est en circulation!<br \/>\nVous pouvez t\u00e9l\u00e9charger l&rsquo;application sur votre smartphone et ouvrir un compte.\u00a0\u00bb font_container=\u00a0\u00bbtag:h2|font_size:20px|text_align:center\u00a0\u00bb google_fonts=\u00a0\u00bbfont_family:Raleway%3A100%2C200%2C300%2Cregular%2C500%2C600%2C700%2C800%2C900|font_style:400%20regular%3A400%3Anormal\u00a0\u00bb css=\u00a0\u00bb.vc_custom_1661942180852{padding-bottom: 20px !important;}\u00a0\u00bb][vc_column_text]<\/p>\n<div><b>Comment se connecter \u00e0 la plateforme e-Orno ?<\/b><\/div>\n<div>Cliquer sur l&rsquo;onglet \u00ab\u00a0<strong>Connexion<\/strong>\u00a0\u00bb puis suivez les instructions \u00e0 l&rsquo;\u00e9cran.<\/div>\n<p>[\/vc_column_text][vc_column_text]<\/p>\n<div><b>Comment recharger son compte ?<\/b><\/div>\n<div>C&rsquo;est tr\u00e8s simple, il suffit de r\u00e9aliser un virement bancaire vers le compte\u00a0<b>BE55 5231 4101 5544<\/b> en mentionnant en communication structur\u00e9e votre num\u00e9ro de compte \u00e9lectronique Orno (pour le conna\u00eetre, une fois connect\u00e9 rendez-vous sur l&rsquo;onglet <strong>(Mon) Compte<\/strong>).<\/div>\n<p>[\/vc_column_text][\/vc_column][vc_column width=\u00a0\u00bb1\/6&Prime;][\/vc_column][\/vc_row][vc_row equal_height=\u00a0\u00bbyes\u00a0\u00bb content_placement=\u00a0\u00bbtop\u00a0\u00bb][vc_column width=\u00a0\u00bb1\/6&Prime;][\/vc_column][vc_column width=\u00a0\u00bb1\/12&Prime;][vc_single_image image=\u00a0\u00bb7320&Prime; onclick=\u00a0\u00bbcustom_link\u00a0\u00bb img_link_target=\u00a0\u00bb_blank\u00a0\u00bb link=\u00a0\u00bbhttps:\/\/play.google.com\/store\/apps\/details?id=org.orno.mobile&amp;hl=fr_FR&amp;gl=FR\u00a0\u00bb][\/vc_column][vc_column width=\u00a0\u00bb1\/4&Prime;][vc_column_text]<a href=\"https:\/\/play.google.com\/store\/apps\/details?id=org.orno.mobile&amp;hl=fr_FR&amp;gl=FR\">Cliquez-ici<\/a> pour t\u00e9l\u00e9charger gratuitement notre Application Mobile Android[\/vc_column_text][\/vc_column][vc_column width=\u00a0\u00bb1\/12&Prime;][vc_single_image image=\u00a0\u00bb7319&Prime; onclick=\u00a0\u00bbcustom_link\u00a0\u00bb img_link_target=\u00a0\u00bb_blank\u00a0\u00bb link=\u00a0\u00bbhttps:\/\/apps.apple.com\/fr\/app\/orno\/id1616160589?platform=iphone\u00a0\u00bb][\/vc_column][vc_column width=\u00a0\u00bb1\/4&Prime;][vc_column_text]<a href=\"https:\/\/apps.apple.com\/fr\/app\/orno\/id1616160589?platform=iphone\">Cliquez-ici<\/a> pour t\u00e9l\u00e9charger gratuitement notre Application mobile Apple[\/vc_column_text][\/vc_column][vc_column width=\u00a0\u00bb1\/6&Prime;][\/vc_column][\/vc_row]<\/p>\n<\/div>","protected":false},"excerpt":{"rendered":"<p>[vc_row][vc_column width=\u00a0\u00bb1\/6&Prime;][vc_single_image image=\u00a0\u00bb401&Prime; alignment=\u00a0\u00bbcenter\u00a0\u00bb css=\u00a0\u00bb.vc_custom_1578944990825{padding-top: 40px !important;}\u00a0\u00bb][\/vc_column][vc_column width=\u00a0\u00bb2\/3&Prime;][vc_custom_heading text=\u00a0\u00bbDepuis septembre 2022, l&rsquo;Orno \u00e9lectronique est en circulation! Vous pouvez t\u00e9l\u00e9charger l&rsquo;application sur votre smartphone et ouvrir un compte.\u00a0\u00bb font_container=\u00a0\u00bbtag:h2|font_size:20px|text_align:center\u00a0\u00bb google_fonts=\u00a0\u00bbfont_family:Raleway%3A100%2C200%2C300%2Cregular%2C500%2C600%2C700%2C800%2C900|font_style:400%20regular%3A400%3Anormal\u00a0\u00bb css=\u00a0\u00bb.vc_custom_1661942180852{padding-bottom: 20px !important;}\u00a0\u00bb][vc_column_text] Comment se connecter \u00e0 la plateforme e-Orno ? Cliquer sur l&rsquo;onglet \u00ab\u00a0Connexion\u00a0\u00bb puis suivez les instructions \u00e0 l&rsquo;\u00e9cran. [\/vc_column_text][vc_column_text] Comment recharger son compte &hellip; <a href=\"https:\/\/www.orno.be\/index.php\/se-procurer-des-orno\/e-orno\/\" title=\"e-Orno\" class=\"read-more\">Read More<\/a><\/p>\n","protected":false},"author":1,"featured_media":0,"parent":7002,"menu_order":0,"comment_status":"closed","ping_status":"closed","template":"","meta":{"jetpack_post_was_ever_published":false,"footnotes":""},"class_list":["post-7300","page","type-page","status-publish","hentry"],"yoast_head":"<!-- This site is optimized with the Yoast SEO plugin v26.0 - https:\/\/yoast.com\/wordpress\/plugins\/seo\/ -->\n<title>e-Orno - Orno<\/title>\n<meta name=\"robots\" content=\"index, follow, max-snippet:-1, max-image-preview:large, max-video-preview:-1\" \/>\n<link rel=\"canonical\" href=\"http:\/\/www.orno.be\/index.php\/se-procurer-des-orno\/e-orno\/\" \/>\n<meta property=\"og:locale\" content=\"fr_FR\" \/>\n<meta property=\"og:type\" content=\"article\" \/>\n<meta property=\"og:title\" content=\"e-Orno - Orno\" \/>\n<meta property=\"og:description\" content=\"[vc_row][vc_column width=\u00a0\u00bb1\/6&Prime;][vc_single_image image=\u00a0\u00bb401&Prime; alignment=\u00a0\u00bbcenter\u00a0\u00bb css=\u00a0\u00bb.vc_custom_1578944990825{padding-top: 40px !important;}\u00a0\u00bb][\/vc_column][vc_column width=\u00a0\u00bb2\/3&Prime;][vc_custom_heading text=\u00a0\u00bbDepuis septembre 2022, l&rsquo;Orno \u00e9lectronique est en circulation! Vous pouvez t\u00e9l\u00e9charger l&rsquo;application sur votre smartphone et ouvrir un compte.\u00a0\u00bb font_container=\u00a0\u00bbtag:h2|font_size:20px|text_align:center\u00a0\u00bb google_fonts=\u00a0\u00bbfont_family:Raleway%3A100%2C200%2C300%2Cregular%2C500%2C600%2C700%2C800%2C900|font_style:400%20regular%3A400%3Anormal\u00a0\u00bb css=\u00a0\u00bb.vc_custom_1661942180852{padding-bottom: 20px !important;}\u00a0\u00bb][vc_column_text] Comment se connecter \u00e0 la plateforme e-Orno ? Cliquer sur l&rsquo;onglet \u00ab\u00a0Connexion\u00a0\u00bb puis suivez les instructions \u00e0 l&rsquo;\u00e9cran. [\/vc_column_text][vc_column_text] Comment recharger son compte [&hellip;]\" \/>\n<meta property=\"og:url\" content=\"http:\/\/www.orno.be\/index.php\/se-procurer-des-orno\/e-orno\/\" \/>\n<meta property=\"og:site_name\" content=\"Orno\" \/>\n<meta property=\"article:modified_time\" content=\"2022-09-07T12:23:46+00:00\" \/>\n<meta name=\"twitter:card\" content=\"summary_large_image\" \/>\n<meta name=\"twitter:label1\" content=\"Dur\u00e9e de lecture estim\u00e9e\" \/>\n\t<meta name=\"twitter:data1\" content=\"1 minute\" \/>\n<script type=\"application\/ld+json\" class=\"yoast-schema-graph\">{\"@context\":\"https:\/\/schema.org\",\"@graph\":[{\"@type\":\"WebPage\",\"@id\":\"http:\/\/www.orno.be\/index.php\/se-procurer-des-orno\/e-orno\/\",\"url\":\"http:\/\/www.orno.be\/index.php\/se-procurer-des-orno\/e-orno\/\",\"name\":\"e-Orno - Orno\",\"isPartOf\":{\"@id\":\"http:\/\/www.orno.be\/#website\"},\"datePublished\":\"2022-06-08T15:28:07+00:00\",\"dateModified\":\"2022-09-07T12:23:46+00:00\",\"breadcrumb\":{\"@id\":\"http:\/\/www.orno.be\/index.php\/se-procurer-des-orno\/e-orno\/#breadcrumb\"},\"inLanguage\":\"fr-FR\",\"potentialAction\":[{\"@type\":\"ReadAction\",\"target\":[\"http:\/\/www.orno.be\/index.php\/se-procurer-des-orno\/e-orno\/\"]}]},{\"@type\":\"BreadcrumbList\",\"@id\":\"http:\/\/www.orno.be\/index.php\/se-procurer-des-orno\/e-orno\/#breadcrumb\",\"itemListElement\":[{\"@type\":\"ListItem\",\"position\":1,\"name\":\"Accueil\",\"item\":\"http:\/\/www.orno.be\/\"},{\"@type\":\"ListItem\",\"position\":2,\"name\":\"Se procurer des Orno\",\"item\":\"http:\/\/www.orno.be\/index.php\/se-procurer-des-orno\/\"},{\"@type\":\"ListItem\",\"position\":3,\"name\":\"e-Orno\"}]},{\"@type\":\"WebSite\",\"@id\":\"http:\/\/www.orno.be\/#website\",\"url\":\"http:\/\/www.orno.be\/\",\"name\":\"Orno\",\"description\":\"Monnaie citoyenne de la r\u00e9gion de Gembloux et Sombreffe\",\"potentialAction\":[{\"@type\":\"SearchAction\",\"target\":{\"@type\":\"EntryPoint\",\"urlTemplate\":\"http:\/\/www.orno.be\/?s={search_term_string}\"},\"query-input\":{\"@type\":\"PropertyValueSpecification\",\"valueRequired\":true,\"valueName\":\"search_term_string\"}}],\"inLanguage\":\"fr-FR\"}]}<\/script>\n<!-- \/ Yoast SEO plugin. -->","yoast_head_json":{"title":"e-Orno - Orno","robots":{"index":"index","follow":"follow","max-snippet":"max-snippet:-1","max-image-preview":"max-image-preview:large","max-video-preview":"max-video-preview:-1"},"canonical":"http:\/\/www.orno.be\/index.php\/se-procurer-des-orno\/e-orno\/","og_locale":"fr_FR","og_type":"article","og_title":"e-Orno - Orno","og_description":"[vc_row][vc_column width=\u00a0\u00bb1\/6&Prime;][vc_single_image image=\u00a0\u00bb401&Prime; alignment=\u00a0\u00bbcenter\u00a0\u00bb css=\u00a0\u00bb.vc_custom_1578944990825{padding-top: 40px !important;}\u00a0\u00bb][\/vc_column][vc_column width=\u00a0\u00bb2\/3&Prime;][vc_custom_heading text=\u00a0\u00bbDepuis septembre 2022, l&rsquo;Orno \u00e9lectronique est en circulation! Vous pouvez t\u00e9l\u00e9charger l&rsquo;application sur votre smartphone et ouvrir un compte.\u00a0\u00bb font_container=\u00a0\u00bbtag:h2|font_size:20px|text_align:center\u00a0\u00bb google_fonts=\u00a0\u00bbfont_family:Raleway%3A100%2C200%2C300%2Cregular%2C500%2C600%2C700%2C800%2C900|font_style:400%20regular%3A400%3Anormal\u00a0\u00bb css=\u00a0\u00bb.vc_custom_1661942180852{padding-bottom: 20px !important;}\u00a0\u00bb][vc_column_text] Comment se connecter \u00e0 la plateforme e-Orno ? Cliquer sur l&rsquo;onglet \u00ab\u00a0Connexion\u00a0\u00bb puis suivez les instructions \u00e0 l&rsquo;\u00e9cran. [\/vc_column_text][vc_column_text] Comment recharger son compte [&hellip;]","og_url":"http:\/\/www.orno.be\/index.php\/se-procurer-des-orno\/e-orno\/","og_site_name":"Orno","article_modified_time":"2022-09-07T12:23:46+00:00","twitter_card":"summary_large_image","twitter_misc":{"Dur\u00e9e de lecture estim\u00e9e":"1 minute"},"schema":{"@context":"https:\/\/schema.org","@graph":[{"@type":"WebPage","@id":"http:\/\/www.orno.be\/index.php\/se-procurer-des-orno\/e-orno\/","url":"http:\/\/www.orno.be\/index.php\/se-procurer-des-orno\/e-orno\/","name":"e-Orno - Orno","isPartOf":{"@id":"http:\/\/www.orno.be\/#website"},"datePublished":"2022-06-08T15:28:07+00:00","dateModified":"2022-09-07T12:23:46+00:00","breadcrumb":{"@id":"http:\/\/www.orno.be\/index.php\/se-procurer-des-orno\/e-orno\/#breadcrumb"},"inLanguage":"fr-FR","potentialAction":[{"@type":"ReadAction","target":["http:\/\/www.orno.be\/index.php\/se-procurer-des-orno\/e-orno\/"]}]},{"@type":"BreadcrumbList","@id":"http:\/\/www.orno.be\/index.php\/se-procurer-des-orno\/e-orno\/#breadcrumb","itemListElement":[{"@type":"ListItem","position":1,"name":"Accueil","item":"http:\/\/www.orno.be\/"},{"@type":"ListItem","position":2,"name":"Se procurer des Orno","item":"http:\/\/www.orno.be\/index.php\/se-procurer-des-orno\/"},{"@type":"ListItem","position":3,"name":"e-Orno"}]},{"@type":"WebSite","@id":"http:\/\/www.orno.be\/#website","url":"http:\/\/www.orno.be\/","name":"Orno","description":"Monnaie citoyenne de la r\u00e9gion de Gembloux et Sombreffe","potentialAction":[{"@type":"SearchAction","target":{"@type":"EntryPoint","urlTemplate":"http:\/\/www.orno.be\/?s={search_term_string}"},"query-input":{"@type":"PropertyValueSpecification","valueRequired":true,"valueName":"search_term_string"}}],"inLanguage":"fr-FR"}]}},"jetpack_sharing_enabled":true,"jetpack_shortlink":"https:\/\/wp.me\/P9lcRP-1TK","jetpack_likes_enabled":true,"jetpack-related-posts":[],"_links":{"self":[{"href":"https:\/\/www.orno.be\/index.php\/wp-json\/wp\/v2\/pages\/7300","targetHints":{"allow":["GET"]}}],"collection":[{"href":"https:\/\/www.orno.be\/index.php\/wp-json\/wp\/v2\/pages"}],"about":[{"href":"https:\/\/www.orno.be\/index.php\/wp-json\/wp\/v2\/types\/page"}],"author":[{"embeddable":true,"href":"https:\/\/www.orno.be\/index.php\/wp-json\/wp\/v2\/users\/1"}],"replies":[{"embeddable":true,"href":"https:\/\/www.orno.be\/index.php\/wp-json\/wp\/v2\/comments?post=7300"}],"version-history":[{"count":9,"href":"https:\/\/www.orno.be\/index.php\/wp-json\/wp\/v2\/pages\/7300\/revisions"}],"predecessor-version":[{"id":7328,"href":"https:\/\/www.orno.be\/index.php\/wp-json\/wp\/v2\/pages\/7300\/revisions\/7328"}],"up":[{"embeddable":true,"href":"https:\/\/www.orno.be\/index.php\/wp-json\/wp\/v2\/pages\/7002"}],"wp:attachment":[{"href":"https:\/\/www.orno.be\/index.php\/wp-json\/wp\/v2\/media?parent=7300"}],"curies":[{"name":"wp","href":"https:\/\/api.w.org\/{rel}","templated":true}]}}